{"id":113,"date":"2023-07-04T17:36:46","date_gmt":"2023-07-04T17:36:46","guid":{"rendered":"https:\/\/chaco.staging.websites.mapbiomas.org\/?page_id=113"},"modified":"2024-12-09T18:40:45","modified_gmt":"2024-12-09T18:40:45","slug":"legend-codes","status":"publish","type":"page","link":"https:\/\/chaco.mapbiomas.org\/en\/legend-codes\/","title":{"rendered":"Legend Code"},"content":{"rendered":"<p><\/p>\n\n\n\n<p><\/p>\n\n\n\n<p style=\"font-size:14px\">The legend codes that appear in the MapBiomas Chaco raster files are available at:<\/p>\n\n\n\n\n\n<p><strong><a href=\"http:\/\/chaco.mapbiomas.org\/wp-content\/uploads\/sites\/2\/2024\/12\/MB-Chaco-Col-5-pdf-Legend-Code.pdf\" data-type=\"URL\" data-id=\"http:\/\/chaco.mapbiomas.org\/wp-content\/uploads\/sites\/2\/2024\/12\/MB-Chaco-Col-5-pdf-Legend-Code.pdf\" target=\"_blank\" rel=\"noreferrer noopener\">LEGEND CODES<\/a>, <a rel=\"noreferrer noopener\" href=\"http:\/\/chaco.mapbiomas.org\/wp-content\/uploads\/sites\/2\/2024\/08\/MB-Chaco-Col-5-pdf-Legend-Descript-EN.pdf\" target=\"_blank\">LEGEND DESCRIPTION<\/a>, <a rel=\"noreferrer noopener\" href=\"http:\/\/chaco.mapbiomas.org\/wp-content\/uploads\/sites\/2\/2024\/08\/MB-Chaco-Col-5-pdf-Legend-Transitions.pdf\" target=\"_blank\">TRANSITION LEGEND COLLECTION 5<\/a><\/strong><\/p>\n\n\n\n<p style=\"font-size:14px\"><strong><a href=\"http:\/\/chaco.mapbiomas.org\/wp-content\/uploads\/sites\/2\/2024\/12\/Legend-CODE-Chaco-Coll-4.pdf\" data-type=\"URL\" data-id=\"http:\/\/chaco.mapbiomas.org\/wp-content\/uploads\/sites\/2\/2024\/12\/Legend-CODE-Chaco-Coll-4.pdf\">LEGEND CODES<\/a>, <a href=\"http:\/\/chaco.mapbiomas.org\/wp-content\/uploads\/sites\/2\/2024\/12\/ES-Leyenda-Descripcion-Chaco-Col-4.pdf\" data-type=\"URL\" data-id=\"http:\/\/chaco.mapbiomas.org\/wp-content\/uploads\/sites\/2\/2024\/12\/ES-Leyenda-Descripcion-Chaco-Col-4.pdf\">DESCRIPCI\u00d3N DE LEYENDA &#8211; COLECCI\u00d3N 4<\/a><\/strong><\/p>\n\n\n\n<p style=\"font-size:14px\"><strong><a href=\"http:\/\/chaco.mapbiomas.org\/wp-content\/uploads\/sites\/2\/2024\/12\/Legend-Codes_Chaco-Col-3.0.pdf\" data-type=\"URL\" data-id=\"http:\/\/chaco.mapbiomas.org\/wp-content\/uploads\/sites\/2\/2024\/12\/Legend-Codes_Chaco-Col-3.0.pdf\">LEGEND CODES \u2013 COLLECTION 3<\/a><\/strong><\/p>\n\n\n\n<p style=\"font-size:14px\"><strong><a href=\"http:\/\/chaco.mapbiomas.org\/wp-content\/uploads\/sites\/2\/2024\/12\/leyenda_mbchaco_col2_detallada-ES.pdf\" data-type=\"URL\" data-id=\"http:\/\/chaco.mapbiomas.org\/wp-content\/uploads\/sites\/2\/2024\/12\/leyenda_mbchaco_col2_detallada-ES.pdf\">LEGEND CODES \u2013 COLLECTION 2<\/a><\/strong><\/p>\n\n\n\n<p style=\"font-size:14px\"><strong><a href=\"http:\/\/chaco.mapbiomas.org\/wp-content\/uploads\/sites\/2\/2024\/12\/leyenda_mapbiomas_col1.pdf\" data-type=\"URL\" data-id=\"http:\/\/chaco.mapbiomas.org\/wp-content\/uploads\/sites\/2\/2024\/12\/leyenda_mapbiomas_col1.pdf\">LEGEND CODES \u2013 COLLECTION 1<\/a><\/strong><\/p>","protected":false},"excerpt":{"rendered":"<p>Los c\u00f3digos de la leyenda que aparecen en los archivos r\u00e1ster de MapBiomas Chaco est\u00e1n disponibles en: C\u00d3DIGO DE LEYENDA, DESCRIPCI\u00d3N DE LEYENDA, LEYENDA DE TRANSICIONES COLECCI\u00d3N 5 C\u00d3DIGOS DE LEYENDA, DESCRIPCI\u00d3N DE LEYENDA &#8211; COLECCI\u00d3N 4 C\u00d3DIGOS DE LEYENDA &#8211; COLECCI\u00d3N 3 C\u00d3DIGOS DE LEYENDA &#8211; COLECCI\u00d3N 2 C\u00d3DIGOS DE LEYENDA &#8211; COLECCI\u00d3N 1<\/p>","protected":false},"author":2,"featured_media":0,"parent":0,"menu_order":0,"comment_status":"closed","ping_status":"closed","template":"","meta":{"_uag_custom_page_level_css":""},"acf":[],"uagb_featured_image_src":{"full":false,"thumbnail":false,"medium":false,"medium_large":false,"large":false,"1536x1536":false,"2048x2048":false,"trp-custom-language-flag":false,"infographic":false,"team":false},"uagb_author_info":{"display_name":"Adriel Fernandes","author_link":"https:\/\/chaco.mapbiomas.org\/en\/author\/adriel-fernandes\/"},"uagb_comment_info":0,"uagb_excerpt":"Los c\u00f3digos de la leyenda que aparecen en los archivos r\u00e1ster de MapBiomas Chaco est\u00e1n disponibles en: C\u00d3DIGO DE LEYENDA, DESCRIPCI\u00d3N DE LEYENDA, LEYENDA DE TRANSICIONES COLECCI\u00d3N 5 C\u00d3DIGOS DE LEYENDA, DESCRIPCI\u00d3N DE LEYENDA &#8211; COLECCI\u00d3N 4 C\u00d3DIGOS DE LEYENDA &#8211; COLECCI\u00d3N 3 C\u00d3DIGOS DE LEYENDA &#8211; COLECCI\u00d3N 2 C\u00d3DIGOS DE LEYENDA &#8211; COLECCI\u00d3N 1","_links":{"self":[{"href":"https:\/\/chaco.mapbiomas.org\/en\/wp-json\/wp\/v2\/pages\/113"}],"collection":[{"href":"https:\/\/chaco.mapbiomas.org\/en\/wp-json\/wp\/v2\/pages"}],"about":[{"href":"https:\/\/chaco.mapbiomas.org\/en\/wp-json\/wp\/v2\/types\/page"}],"author":[{"embeddable":true,"href":"https:\/\/chaco.mapbiomas.org\/en\/wp-json\/wp\/v2\/users\/2"}],"replies":[{"embeddable":true,"href":"https:\/\/chaco.mapbiomas.org\/en\/wp-json\/wp\/v2\/comments?post=113"}],"version-history":[{"count":15,"href":"https:\/\/chaco.mapbiomas.org\/en\/wp-json\/wp\/v2\/pages\/113\/revisions"}],"predecessor-version":[{"id":1024,"href":"https:\/\/chaco.mapbiomas.org\/en\/wp-json\/wp\/v2\/pages\/113\/revisions\/1024"}],"wp:attachment":[{"href":"https:\/\/chaco.mapbiomas.org\/en\/wp-json\/wp\/v2\/media?parent=113"}],"curies":[{"name":"wp","href":"https:\/\/api.w.org\/{rel}","templated":true}]}}