{"id":119,"date":"2023-07-04T17:40:24","date_gmt":"2023-07-04T17:40:24","guid":{"rendered":"https:\/\/chaco.staging.websites.mapbiomas.org\/?page_id=119"},"modified":"2024-09-03T12:43:01","modified_gmt":"2024-09-03T12:43:01","slug":"infographic","status":"publish","type":"page","link":"https:\/\/chaco.mapbiomas.org\/en\/infographic\/","title":{"rendered":"Infographics"},"content":{"rendered":"<p style=\"font-size:14px\">Aqu\u00ed puedes descargar la infograf\u00eda de MapBiomas Chaco Colecci\u00f3n 5<\/p>\n\n\n\n<div class=\"wp-block-uagb-image uagb-block-6a7c7ccf wp-block-uagb-image--layout-default wp-block-uagb-image--effect-static wp-block-uagb-image--align-none\"><figure class=\"wp-block-uagb-image__figure\"><a class=\"\" href=\"http:\/\/chaco.mapbiomas.org\/wp-content\/uploads\/sites\/2\/2024\/09\/MBI-Infografico-chaco-5.0-EN-scaled.jpg\" target=\"_blank\" rel=\"noreferrer noopener\"><img decoding=\"async\"  sizes=\"(max-width: 480px) 150px\" src=\"http:\/\/chaco.mapbiomas.org\/wp-content\/uploads\/sites\/2\/2024\/09\/image-1-1.jpg\" alt=\"\" width=\"1619\" height=\"911\" title=\"\" loading=\"lazy\"\/><\/a><\/figure><\/div>","protected":false},"excerpt":{"rendered":"<p>Aqu\u00ed puedes descargar la infograf\u00eda de MapBiomas Chaco Colecci\u00f3n 5<\/p>","protected":false},"author":2,"featured_media":0,"parent":0,"menu_order":0,"comment_status":"closed","ping_status":"closed","template":"","meta":{"_uag_custom_page_level_css":""},"acf":[],"uagb_featured_image_src":{"full":false,"thumbnail":false,"medium":false,"medium_large":false,"large":false,"1536x1536":false,"2048x2048":false,"trp-custom-language-flag":false,"infographic":false,"team":false},"uagb_author_info":{"display_name":"Adriel Fernandes","author_link":"https:\/\/chaco.mapbiomas.org\/en\/author\/adriel-fernandes\/"},"uagb_comment_info":0,"uagb_excerpt":"Aqu\u00ed puedes descargar la infograf\u00eda de MapBiomas Chaco Colecci\u00f3n 5","_links":{"self":[{"href":"https:\/\/chaco.mapbiomas.org\/en\/wp-json\/wp\/v2\/pages\/119"}],"collection":[{"href":"https:\/\/chaco.mapbiomas.org\/en\/wp-json\/wp\/v2\/pages"}],"about":[{"href":"https:\/\/chaco.mapbiomas.org\/en\/wp-json\/wp\/v2\/types\/page"}],"author":[{"embeddable":true,"href":"https:\/\/chaco.mapbiomas.org\/en\/wp-json\/wp\/v2\/users\/2"}],"replies":[{"embeddable":true,"href":"https:\/\/chaco.mapbiomas.org\/en\/wp-json\/wp\/v2\/comments?post=119"}],"version-history":[{"count":7,"href":"https:\/\/chaco.mapbiomas.org\/en\/wp-json\/wp\/v2\/pages\/119\/revisions"}],"predecessor-version":[{"id":943,"href":"https:\/\/chaco.mapbiomas.org\/en\/wp-json\/wp\/v2\/pages\/119\/revisions\/943"}],"wp:attachment":[{"href":"https:\/\/chaco.mapbiomas.org\/en\/wp-json\/wp\/v2\/media?parent=119"}],"curies":[{"name":"wp","href":"https:\/\/api.w.org\/{rel}","templated":true}]}}