{"id":23,"date":"2023-07-03T12:58:31","date_gmt":"2023-07-03T12:58:31","guid":{"rendered":"https:\/\/chaco.staging.websites.mapbiomas.org\/?page_id=23"},"modified":"2024-09-03T13:16:06","modified_gmt":"2024-09-03T13:16:06","slug":"who-we-are","status":"publish","type":"page","link":"https:\/\/chaco.mapbiomas.org\/en\/who-we-are\/","title":{"rendered":"who we are"},"content":{"rendered":"<h4 class=\"wp-block-heading\">MAPBIOMAS NETWORK<\/h4>\n\n\n\n<p style=\"font-size:14px\"><br>We are a Network of NGOs, Research Institutions and Tech Startup that started in Brazil, expanded the scope to other territories of South America and Indonesia towards a Global Network. We expanded the Global Network guided by the Coordination Team and the Network Committee and shared the same principles of MapBiomas.<\/p>\n\n\n\n<p style=\"font-size:14px\">As MapBiomas Network, we are currently made up of six initiatives that map land cover and use in Brazil, in the Pan Amazon, Chaco, Tri-national Atlantic Forest, Tri-national Pampa and also in Indonesia. This year all Southamerica countries have been covered involving local institutions.&nbsp;<\/p>\n\n\n\n<div style=\"height:33px\" aria-hidden=\"true\" class=\"wp-block-spacer\"><\/div>\n\n\n\n<h4 class=\"wp-block-heading\">MAPBIOMAS CHACO<\/h4>\n\n\n\n<p style=\"font-size:14px\">MapBiomas Chaco is an initiative that emerges from a Collaboration for Forests and Agriculture to understand the processes of transformation in the Gran American Chaco from the annual monitoring of land use and cover. It includes governmental and non-governmental, academic and research institutions from Argentina, Bolivia, Paraguay and Brazil.<\/p>\n\n\n\n<div style=\"height:33px\" aria-hidden=\"true\" class=\"wp-block-spacer\"><\/div>\n\n\n\n<h4 class=\"wp-block-heading\">Coordination by country<\/h4>\n\n\n\n<ul>\n<li style=\"font-size:14px\">Argentina&nbsp; &#8211;&nbsp;Instituto Nacional de Tecnolog\u00eda Agropecuaria y GeoSimple<\/li>\n\n\n\n<li style=\"font-size:14px\">Paraguay &#8211;&nbsp;Guyra Paraguay<\/li>\n\n\n\n<li style=\"font-size:14px\">Bolivia &#8211; Fundaci\u00f3n Amigos de la Naturaleza<\/li>\n<\/ul>\n\n\n\n<div style=\"height:33px\" aria-hidden=\"true\" class=\"wp-block-spacer\"><\/div>\n\n\n\n<h4 class=\"wp-block-heading\">Technical and Technological Collaboration<\/h4>\n\n\n\n<ul>\n<li style=\"font-size:14px\">Arcplan&nbsp;<\/li>\n\n\n\n<li style=\"font-size:14px\">MapBiomas Brazil coordination team<\/li>\n\n\n\n<li style=\"font-size:14px\">EcoStage<\/li>\n\n\n\n<li style=\"font-size:14px\">Google<\/li>\n\n\n\n<li style=\"font-size:14px\">The Nature Conservancy<\/li>\n\n\n\n<li style=\"font-size:14px\">Geosimple<\/li>\n<\/ul>\n\n\n\n<div style=\"height:33px\" aria-hidden=\"true\" class=\"wp-block-spacer\"><\/div>\n\n\n\n<h4 class=\"wp-block-heading\">Institutional support<\/h4>\n\n\n\n<ul>\n<li style=\"font-size:14px\">Fundaci\u00f3n Vida Silvestre Argentina<\/li>\n\n\n\n<li style=\"font-size:14px\">WWF<\/li>\n\n\n\n<li style=\"font-size:14px\">The Nature Conservancy<\/li>\n<\/ul>\n\n\n\n<div style=\"height:33px\" aria-hidden=\"true\" class=\"wp-block-spacer\"><\/div>\n\n\n\n<h4 class=\"wp-block-heading\">Financing<\/h4>\n\n\n\n<ul>\n<li style=\"font-size:14px\">Gordon and Betty Moore Foundation<\/li>\n\n\n\n<li style=\"font-size:14px\">The Nature Conservancy<\/li>\n\n\n\n<li style=\"font-size:14px\">Quadrature Climate Foundation<\/li>\n<\/ul>\n\n\n\n<div style=\"height:33px\" aria-hidden=\"true\" class=\"wp-block-spacer\"><\/div>\n\n\n\n<p style=\"font-size:14px\"><strong>General Coordination of MapBiomas Chaco<\/strong>&nbsp;\u2013 Santiago Banchero (Geosimple), Edder Ortiz (Guyra Paraguay) y Sa\u00fal Cuellar (FAN)<\/p>\n\n\n\n<p style=\"font-size:14px\" class=\" translation-block\"><a href=\"https:\/\/chaco.mapbiomas.org\/team\" target=\"_self\">Click here <\/a>\u00a0to know people who are involved in MapBiomas Chaco.<\/p>","protected":false},"excerpt":{"rendered":"<p>RED MAPBIOMAS Somos una Red de ONG, Instituciones de Investigaci\u00f3n y Startups Tecnol\u00f3gicas que comenz\u00f3 en Brasil, expandi\u00f3 el alcance a otros territorios de Am\u00e9rica del Sur e Indonesia hacia una Red Global. Expandimos la Red Global guiada por el Equipo de Coordinaci\u00f3n y el Comit\u00e9 de Red y compartimos los mismos principios de MapBiomas. [&hellip;]<\/p>","protected":false},"author":2,"featured_media":0,"parent":0,"menu_order":0,"comment_status":"closed","ping_status":"closed","template":"","meta":{"_uag_custom_page_level_css":""},"acf":[],"uagb_featured_image_src":{"full":false,"thumbnail":false,"medium":false,"medium_large":false,"large":false,"1536x1536":false,"2048x2048":false,"trp-custom-language-flag":false,"infographic":false,"team":false},"uagb_author_info":{"display_name":"Adriel Fernandes","author_link":"https:\/\/chaco.mapbiomas.org\/en\/author\/adriel-fernandes\/"},"uagb_comment_info":0,"uagb_excerpt":"RED MAPBIOMAS Somos una Red de ONG, Instituciones de Investigaci\u00f3n y Startups Tecnol\u00f3gicas que comenz\u00f3 en Brasil, expandi\u00f3 el alcance a otros territorios de Am\u00e9rica del Sur e Indonesia hacia una Red Global. Expandimos la Red Global guiada por el Equipo de Coordinaci\u00f3n y el Comit\u00e9 de Red y compartimos los mismos principios de MapBiomas.&hellip;","_links":{"self":[{"href":"https:\/\/chaco.mapbiomas.org\/en\/wp-json\/wp\/v2\/pages\/23"}],"collection":[{"href":"https:\/\/chaco.mapbiomas.org\/en\/wp-json\/wp\/v2\/pages"}],"about":[{"href":"https:\/\/chaco.mapbiomas.org\/en\/wp-json\/wp\/v2\/types\/page"}],"author":[{"embeddable":true,"href":"https:\/\/chaco.mapbiomas.org\/en\/wp-json\/wp\/v2\/users\/2"}],"replies":[{"embeddable":true,"href":"https:\/\/chaco.mapbiomas.org\/en\/wp-json\/wp\/v2\/comments?post=23"}],"version-history":[{"count":16,"href":"https:\/\/chaco.mapbiomas.org\/en\/wp-json\/wp\/v2\/pages\/23\/revisions"}],"predecessor-version":[{"id":944,"href":"https:\/\/chaco.mapbiomas.org\/en\/wp-json\/wp\/v2\/pages\/23\/revisions\/944"}],"wp:attachment":[{"href":"https:\/\/chaco.mapbiomas.org\/en\/wp-json\/wp\/v2\/media?parent=23"}],"curies":[{"name":"wp","href":"https:\/\/api.w.org\/{rel}","templated":true}]}}