{"id":30,"date":"2023-07-03T12:59:56","date_gmt":"2023-07-03T12:59:56","guid":{"rendered":"https:\/\/chaco.staging.websites.mapbiomas.org\/?page_id=30"},"modified":"2024-09-03T11:28:23","modified_gmt":"2024-09-03T11:28:23","slug":"statistics","status":"publish","type":"page","link":"https:\/\/chaco.mapbiomas.org\/en\/statistics\/","title":{"rendered":"Statistics"},"content":{"rendered":"<p style=\"font-size:14px\">Here you can download the MapBiomas map statistics database in Collection 5.0:<\/p>\n\n\n\n<p style=\"font-size:14px\"><a href=\"https:\/\/chaco.mapbiomas.org\/wp-content\/uploads\/sites\/2\/2024\/09\/MapBiomas-Chaco_statistics_collection-5.xlsx\">COBERTURA Y TRANSICIONES (COLECCI\u00d3N 5.0)<\/a> \u2013 Land cover and land use area (hectares) database by country, territorial organization of level 1 (province\/department) or level 2 (department\/municipality\/district) from 1985 to 2023.<\/p>\n\n\n\n<p><\/p>","protected":false},"excerpt":{"rendered":"<p>Aqu\u00ed puede descargar la base de datos de estad\u00edsticas de mapas de MapBiomas Chaco en la Colecci\u00f3n 5.0: COBERTURA Y TRANSICIONES (COLECCI\u00d3N 5.0) &#8211; \u00c1rea (en hect\u00e1reas) de las clases de cobertura y\/o de uso del suelo por pa\u00eds, organizaci\u00f3n territorial de nivel 1 (provincia\/departamento) o de nivel 2 (departamento\/municipio\/distrito) para per\u00edodos seleccionados entre 1985 [&hellip;]<\/p>","protected":false},"author":2,"featured_media":0,"parent":0,"menu_order":0,"comment_status":"closed","ping_status":"closed","template":"","meta":{"_uag_custom_page_level_css":""},"acf":[],"uagb_featured_image_src":{"full":false,"thumbnail":false,"medium":false,"medium_large":false,"large":false,"1536x1536":false,"2048x2048":false,"trp-custom-language-flag":false,"infographic":false,"team":false},"uagb_author_info":{"display_name":"Adriel Fernandes","author_link":"https:\/\/chaco.mapbiomas.org\/en\/author\/adriel-fernandes\/"},"uagb_comment_info":0,"uagb_excerpt":"Aqu\u00ed puede descargar la base de datos de estad\u00edsticas de mapas de MapBiomas Chaco en la Colecci\u00f3n 5.0: COBERTURA Y TRANSICIONES (COLECCI\u00d3N 5.0) &#8211; \u00c1rea (en hect\u00e1reas) de las clases de cobertura y\/o de uso del suelo por pa\u00eds, organizaci\u00f3n territorial de nivel 1 (provincia\/departamento) o de nivel 2 (departamento\/municipio\/distrito) para per\u00edodos seleccionados entre 1985&hellip;","_links":{"self":[{"href":"https:\/\/chaco.mapbiomas.org\/en\/wp-json\/wp\/v2\/pages\/30"}],"collection":[{"href":"https:\/\/chaco.mapbiomas.org\/en\/wp-json\/wp\/v2\/pages"}],"about":[{"href":"https:\/\/chaco.mapbiomas.org\/en\/wp-json\/wp\/v2\/types\/page"}],"author":[{"embeddable":true,"href":"https:\/\/chaco.mapbiomas.org\/en\/wp-json\/wp\/v2\/users\/2"}],"replies":[{"embeddable":true,"href":"https:\/\/chaco.mapbiomas.org\/en\/wp-json\/wp\/v2\/comments?post=30"}],"version-history":[{"count":29,"href":"https:\/\/chaco.mapbiomas.org\/en\/wp-json\/wp\/v2\/pages\/30\/revisions"}],"predecessor-version":[{"id":907,"href":"https:\/\/chaco.mapbiomas.org\/en\/wp-json\/wp\/v2\/pages\/30\/revisions\/907"}],"wp:attachment":[{"href":"https:\/\/chaco.mapbiomas.org\/en\/wp-json\/wp\/v2\/media?parent=30"}],"curies":[{"name":"wp","href":"https:\/\/api.w.org\/{rel}","templated":true}]}}