{"id":33,"date":"2023-07-03T13:01:19","date_gmt":"2023-07-03T13:01:19","guid":{"rendered":"https:\/\/chaco.staging.websites.mapbiomas.org\/?page_id=33"},"modified":"2024-09-03T12:30:31","modified_gmt":"2024-09-03T12:30:31","slug":"methodology-overview","status":"publish","type":"page","link":"https:\/\/chaco.mapbiomas.org\/en\/methodology-overview\/","title":{"rendered":"Methodology Overview"},"content":{"rendered":"<h4 class=\"wp-block-heading\"><strong>KNOW THE STEPS OF THE MAPBIOMAS METHODOLOGY&nbsp;<\/strong><\/h4>\n\n\n\n<p style=\"font-size:14px\">Below you will find the main features, the organization of the work and the overview of the methodology of MapBiomas to generate the maps of land cover and use as well as the transition maps \/ land use change between different pairs of years.<\/p>\n\n\n\n<p style=\"font-size:14px\">You can access the ATBD (Base Document of Algorithm Theory) with all description of methodology and algorithms by going to the link below.<\/p>\n\n\n\n<p><a href=\"http:\/\/chaco.mapbiomas.org\/wp-content\/uploads\/sites\/2\/2024\/09\/ATBD-Collection-5.0.pdf\" target=\"_blank\" rel=\"noreferrer noopener\"><strong>DOWNLOAD THE COMPLETE METHODOLOGY - ATBD<\/strong><\/a><\/p>\n\n\n\n\n\n<h4 class=\"wp-block-heading\">GENERAL CHARACTERISTICS<\/h4>\n\n\n\n<p style=\"font-size:14px\">All the annual land cover\/use maps of the MapBiomas are produced from the pixel-per-pixel classification of Landsat satellite images. Every process is done with extensive machine learning algorithms through the Google Earth Engine platform that offers immense processing power in the cloud.<\/p>\n\n\n\n\n\n<figure class=\"wp-block-image aligncenter size-large\"><img decoding=\"async\" src=\"http:\/\/chaco.mapbiomas.org\/wp-content\/uploads\/sites\/2\/2024\/08\/3-1_METHOD-MapBiomas-Figure_1.png\" alt=\"\"\/><\/figure>\n\n\n\n\n\n<h4 class=\"wp-block-heading\">HOW WE GET ORGANIZED<\/h4>\n\n\n\n<p style=\"font-size:14px\">In order to carry out the mapping, teams of programmers, remote sensing specialists and conservation and land use specialists are organized into teams by country that have leading institutions.<\/p>\n\n\n\n\n\n<h4 class=\"wp-block-heading\">OVERVIEW OF THE METHODOLOGY<\/h4>\n\n\n\n<p style=\"font-size:14px\">The following diagram illustrates the key steps in the process of generating the annual land cover and land use Maps of MapBiomas as well as the transition maps.<\/p>\n\n\n\n<figure class=\"wp-block-image size-large\"><img decoding=\"async\" src=\"http:\/\/chaco.mapbiomas.org\/wp-content\/uploads\/sites\/2\/2024\/08\/3-1_METHOD-MapBiomas-Figure_2.png\" alt=\"\"\/><\/figure>\n\n\n\n<h2 class=\"wp-block-heading\">&nbsp;<\/h2>\n\n\n\n<p style=\"font-size:14px\"><a href=\"https:\/\/chaco.mapbiomas.org\/en\/atbd-step-by-step\/\">Know the steps<\/a><\/p>","protected":false},"excerpt":{"rendered":"<p>CONOZCA LOS PASOS DE LA METODOLOG\u00cdA DE MAPBIOMAS&nbsp; Debajo encontrar\u00e1 las principales figuras, la organizaci\u00f3n del trabajo y una descripci\u00f3n general de la metodolog\u00eda de MapBiomas para generar mapas de cobertura y uso del suelo as\u00ed como los mapas de transici\u00f3n\/mapas de cambio entre diferentes pares de a\u00f1os. Puede acceder al ATBD (Base Document of [&hellip;]<\/p>","protected":false},"author":2,"featured_media":0,"parent":0,"menu_order":0,"comment_status":"closed","ping_status":"closed","template":"","meta":{"_uag_custom_page_level_css":""},"acf":[],"uagb_featured_image_src":{"full":false,"thumbnail":false,"medium":false,"medium_large":false,"large":false,"1536x1536":false,"2048x2048":false,"trp-custom-language-flag":false,"infographic":false,"team":false},"uagb_author_info":{"display_name":"Adriel Fernandes","author_link":"https:\/\/chaco.mapbiomas.org\/en\/author\/adriel-fernandes\/"},"uagb_comment_info":0,"uagb_excerpt":"CONOZCA LOS PASOS DE LA METODOLOG\u00cdA DE MAPBIOMAS&nbsp; Debajo encontrar\u00e1 las principales figuras, la organizaci\u00f3n del trabajo y una descripci\u00f3n general de la metodolog\u00eda de MapBiomas para generar mapas de cobertura y uso del suelo as\u00ed como los mapas de transici\u00f3n\/mapas de cambio entre diferentes pares de a\u00f1os. Puede acceder al ATBD (Base Document of&hellip;","_links":{"self":[{"href":"https:\/\/chaco.mapbiomas.org\/en\/wp-json\/wp\/v2\/pages\/33"}],"collection":[{"href":"https:\/\/chaco.mapbiomas.org\/en\/wp-json\/wp\/v2\/pages"}],"about":[{"href":"https:\/\/chaco.mapbiomas.org\/en\/wp-json\/wp\/v2\/types\/page"}],"author":[{"embeddable":true,"href":"https:\/\/chaco.mapbiomas.org\/en\/wp-json\/wp\/v2\/users\/2"}],"replies":[{"embeddable":true,"href":"https:\/\/chaco.mapbiomas.org\/en\/wp-json\/wp\/v2\/comments?post=33"}],"version-history":[{"count":42,"href":"https:\/\/chaco.mapbiomas.org\/en\/wp-json\/wp\/v2\/pages\/33\/revisions"}],"predecessor-version":[{"id":927,"href":"https:\/\/chaco.mapbiomas.org\/en\/wp-json\/wp\/v2\/pages\/33\/revisions\/927"}],"wp:attachment":[{"href":"https:\/\/chaco.mapbiomas.org\/en\/wp-json\/wp\/v2\/media?parent=33"}],"curies":[{"name":"wp","href":"https:\/\/api.w.org\/{rel}","templated":true}]}}