{"id":39,"date":"2023-07-03T13:02:52","date_gmt":"2023-07-03T13:02:52","guid":{"rendered":"https:\/\/chaco.staging.websites.mapbiomas.org\/?page_id=39"},"modified":"2024-12-04T16:57:13","modified_gmt":"2024-12-04T16:57:13","slug":"tools","status":"publish","type":"page","link":"https:\/\/chaco.mapbiomas.org\/en\/tools\/","title":{"rendered":"Tools"},"content":{"rendered":"<h4 class=\"wp-block-heading\">Google Earth Engine<\/h4>\n\n\n\n<p style=\"font-size:14px\">MapBiomas uses technology from the Google Earth Engine platform. We provide scripts to facilitate access to the MapBiomas collections.&nbsp;<\/p>\n\n\n\n\n\n<h4 class=\"wp-block-heading\">To access follow the instructions below<\/h4>\n\n\n\n<ul>\n<li style=\"font-size:14px\">With a Gmail account, sign up for the Google Earth Engine Platform through this link&nbsp;<strong><a href=\"https:\/\/earthengine.google.com\/\">https:\/\/earthengine.google.com<\/a><\/strong><\/li>\n\n\n\n<li style=\"font-size:14px\" class=\" translation-block\">In a few days, you will receive authorization to access the platform.<\/li>\n\n\n\n<li style=\"font-size:14px\">Once registered in Google Earth Engine, insert the link of the scripts you want to run.<\/li>\n\n\n\n<li style=\"font-size:14px\">Change the parameters to get the map you want.<\/li>\n<\/ul>\n\n\n\n<p style=\"font-size:14px\">We encourage SCRIPT MAPBIOMAS users to send us their suggestions for innovation so that we can constantly improve it.<\/p>\n\n\n\n\n\n<h4 class=\"wp-block-heading\">Access to Collection 5 of MapBiomas Chaco in Google Earth Engine<\/h4>\n\n\n\n<p style=\"font-size:14px\">Images and Maps collections are available to be accessed as an asset directly from Google Earth Engine, without the need to download or upload data. Here are the available products and their access IDs in Google Earth Engine:<\/p>\n\n\n\n\n\n<div style=\"background-color: #fff; border-radius:10px; padding: 20px;\">\n  <h6>Mapas finales integrados de la Colecci\u00f3n 5<\/h6>\n\n  ID: <a href=\"\/en\/projects\/mapbiomas-public\/assets\/chaco\/lulc\/collection5\/mapbiomas_chaco_collection5_integration_v2\/\">projects\/mapbiomas-public\/assets\/chaco\/lulc\/collection5\/mapbiomas_chaco_collection5_integration_v2\n<\/a>\n<\/div>\n\n\n\n<div style=\"height:20px\" aria-hidden=\"true\" class=\"wp-block-spacer\"><\/div>\n\n\n\n<div style=\"background-color: #fff; border-radius:10px; padding: 20px;\">\n  <h6>Mapas de transiciones (cambio de cobertura o uso) entre a\u00f1os seleccionados<\/h6>\n\n  ID: <a href=\"\/en\/projects\/mapbiomas-public\/assets\/chaco\/lulc\/collection5\/mapbiomas_chaco_collection5_transitions_v2\/\">projects\/mapbiomas-public\/assets\/chaco\/lulc\/collection5\/mapbiomas_chaco_collection5_transitions_v2\n<\/a>\n<\/div>\n\n\n\n<div style=\"height:20px\" aria-hidden=\"true\" class=\"wp-block-spacer\"><\/div>\n\n\n\n<div style=\"background-color: #fff; border-radius:10px; padding: 20px;\">\n  <h6>Mosaico de im\u00e1genes Landsat para cada a\u00f1o de la Colecci\u00f3n 5<\/h6>\n\n  ID: <a href=\"https:\/\/code.earthengine.google.com\/?asset=projects\/nexgenmap\/MapBiomas2\/LANDSAT\/CHACO\/mosaics\">projects\/nexgenmap\/MapBiomas2\/LANDSAT\/CHACO\/mosaics<\/a>\n<\/div>\n\n\n\n<div style=\"height:20px\" aria-hidden=\"true\" class=\"wp-block-spacer\"><\/div>\n\n\n\n<div style=\"background-color: #fff; border-radius:10px; padding: 20px;\">\n  <h6>Toolkit para descargar los mapas finales y transiciones de la Colecci\u00f3n 5<\/h6>\n\n  Link: <a href=\"https:\/\/code.earthengine.google.com\/?scriptPath=users%2Fmapbiomas%2Fuser-toolkit%3Amapbiomas-user-toolkit-lulc.js\">https:\/\/code.earthengine.google.com\/?scriptPath=users%2Fmapbiomas%2Fuser-toolkit%3Amapbiomas-user-toolkit-lulc.js<\/a>\n<\/div>\n\n\n\n<p><\/p>","protected":false},"excerpt":{"rendered":"<p>Google Earth Engine MapBiomas utiliza la tecnolog\u00eda de la plataforma GOOGLE EARTH ENGINE. Facilitamos los scripts para el acceso a la colecci\u00f3n de MapBiomas Chaco.&nbsp; Para acceder siga las siguientes instrucciones Alentamos a que los\/as usuarios\/as de los script de MapBiomas, nos env\u00eden sus sugerencias de innovaci\u00f3n para que podamos perfeccionarlo constantemente. Acceso a la [&hellip;]<\/p>","protected":false},"author":2,"featured_media":0,"parent":0,"menu_order":0,"comment_status":"closed","ping_status":"closed","template":"","meta":{"_uag_custom_page_level_css":""},"acf":[],"uagb_featured_image_src":{"full":false,"thumbnail":false,"medium":false,"medium_large":false,"large":false,"1536x1536":false,"2048x2048":false,"trp-custom-language-flag":false,"infographic":false,"team":false},"uagb_author_info":{"display_name":"Adriel Fernandes","author_link":"https:\/\/chaco.mapbiomas.org\/en\/author\/adriel-fernandes\/"},"uagb_comment_info":0,"uagb_excerpt":"Google Earth Engine MapBiomas utiliza la tecnolog\u00eda de la plataforma GOOGLE EARTH ENGINE. Facilitamos los scripts para el acceso a la colecci\u00f3n de MapBiomas Chaco.&nbsp; Para acceder siga las siguientes instrucciones Alentamos a que los\/as usuarios\/as de los script de MapBiomas, nos env\u00eden sus sugerencias de innovaci\u00f3n para que podamos perfeccionarlo constantemente. Acceso a la&hellip;","_links":{"self":[{"href":"https:\/\/chaco.mapbiomas.org\/en\/wp-json\/wp\/v2\/pages\/39"}],"collection":[{"href":"https:\/\/chaco.mapbiomas.org\/en\/wp-json\/wp\/v2\/pages"}],"about":[{"href":"https:\/\/chaco.mapbiomas.org\/en\/wp-json\/wp\/v2\/types\/page"}],"author":[{"embeddable":true,"href":"https:\/\/chaco.mapbiomas.org\/en\/wp-json\/wp\/v2\/users\/2"}],"replies":[{"embeddable":true,"href":"https:\/\/chaco.mapbiomas.org\/en\/wp-json\/wp\/v2\/comments?post=39"}],"version-history":[{"count":37,"href":"https:\/\/chaco.mapbiomas.org\/en\/wp-json\/wp\/v2\/pages\/39\/revisions"}],"predecessor-version":[{"id":1015,"href":"https:\/\/chaco.mapbiomas.org\/en\/wp-json\/wp\/v2\/pages\/39\/revisions\/1015"}],"wp:attachment":[{"href":"https:\/\/chaco.mapbiomas.org\/en\/wp-json\/wp\/v2\/media?parent=39"}],"curies":[{"name":"wp","href":"https:\/\/api.w.org\/{rel}","templated":true}]}}