{"id":45,"date":"2023-07-03T13:06:14","date_gmt":"2023-07-03T13:06:14","guid":{"rendered":"https:\/\/chaco.staging.websites.mapbiomas.org\/?page_id=45"},"modified":"2023-07-06T20:43:48","modified_gmt":"2023-07-06T20:43:48","slug":"releases","status":"publish","type":"page","link":"https:\/\/chaco.mapbiomas.org\/en\/releases\/","title":{"rendered":"Releases"},"content":{"rendered":"<p>MapBiomas is constantly developing new products and initiatives. Each year, a new collection of land cover and land use maps is released, improved and extended to the corresponding new period.<\/p>","protected":false},"excerpt":{"rendered":"<p>MapBiomas is constantly developing new products and initiatives. Each year, a new collection of land cover and land use maps is released, improved and extended to the corresponding new period.<\/p>","protected":false},"author":2,"featured_media":0,"parent":0,"menu_order":0,"comment_status":"closed","ping_status":"closed","template":"page_release.php","meta":{"_uag_custom_page_level_css":""},"acf":[],"uagb_featured_image_src":{"full":false,"thumbnail":false,"medium":false,"medium_large":false,"large":false,"1536x1536":false,"2048x2048":false,"trp-custom-language-flag":false,"infographic":false,"team":false},"uagb_author_info":{"display_name":"Adriel Fernandes","author_link":"https:\/\/chaco.mapbiomas.org\/en\/author\/adriel-fernandes\/"},"uagb_comment_info":0,"uagb_excerpt":"MapBiomas est\u00e1 constantemente desarrollando nuevos productos e iniciativas. Cada a\u00f1o, se publica, mejora y ampl\u00eda una nueva colecci\u00f3n de mapas de cobertura y uso del suelo para el nuevo per\u00edodo correspondiente.","_links":{"self":[{"href":"https:\/\/chaco.mapbiomas.org\/en\/wp-json\/wp\/v2\/pages\/45"}],"collection":[{"href":"https:\/\/chaco.mapbiomas.org\/en\/wp-json\/wp\/v2\/pages"}],"about":[{"href":"https:\/\/chaco.mapbiomas.org\/en\/wp-json\/wp\/v2\/types\/page"}],"author":[{"embeddable":true,"href":"https:\/\/chaco.mapbiomas.org\/en\/wp-json\/wp\/v2\/users\/2"}],"replies":[{"embeddable":true,"href":"https:\/\/chaco.mapbiomas.org\/en\/wp-json\/wp\/v2\/comments?post=45"}],"version-history":[{"count":6,"href":"https:\/\/chaco.mapbiomas.org\/en\/wp-json\/wp\/v2\/pages\/45\/revisions"}],"predecessor-version":[{"id":586,"href":"https:\/\/chaco.mapbiomas.org\/en\/wp-json\/wp\/v2\/pages\/45\/revisions\/586"}],"wp:attachment":[{"href":"https:\/\/chaco.mapbiomas.org\/en\/wp-json\/wp\/v2\/media?parent=45"}],"curies":[{"name":"wp","href":"https:\/\/api.w.org\/{rel}","templated":true}]}}