{"id":74,"date":"2024-10-23T19:00:29","date_gmt":"2024-10-23T19:00:29","guid":{"rendered":"https:\/\/chaco.staging.websites.mapbiomas.org\/?page_id=74"},"modified":"2024-10-25T18:10:46","modified_gmt":"2024-10-25T18:10:46","slug":"collection-maps","status":"publish","type":"page","link":"https:\/\/chaco.mapbiomas.org\/en\/collection-maps\/","title":{"rendered":"MapBiomas Collections"},"content":{"rendered":"<h4 class=\"wp-block-heading\">MAPBIOMES COLLECTIONS<\/h4>\n\n\n\n<p style=\"font-size:14px\">From the Landsat mosaics, the classifications that result in land cover and land use maps are carried out for each year. Within the logic proposed by MapBiomas the maps will be updated every time there is an improvement in the classification algorithms. The classification methodology is dynamic and procedural, with the purpose of improving the classification of each typology.<\/p>\n\n\n\n\n\n<p style=\"font-size:14px\">Important: when composing a single mosaic or calculating statistics on maps it should be noted that:<\/p>\n\n\n\n<ul>\n<li style=\"font-size:14px\">The RGB color palette of each class is available in the<a href=\"https:\/\/chaco.mapbiomas.org\/wp-content\/uploads\/sites\/2\/2024\/08\/MB-Chaco-Col-5-pdf-Legend-Code-1.pdf\"><strong>&nbsp;file<\/strong><\/a>.<\/li>\n\n\n\n<li style=\"font-size:14px\">All data is in GeoTiff format and has LZW compression.<\/li>\n<\/ul>\n\n\n\n\n\n<h4 class=\"wp-block-heading\" style=\"font-size:16px\"><strong>The most current MapBiomas Collection can always be accessed in these ways:<\/strong><\/h4>\n\n\n\n<ol>\n<li>Navegac\u00edon en l\u00ednea a trav\u00e9s del tablero de MapBiomas: <strong style=\"color: initial\"><a href=\"https:\/\/plataforma.chaco.mapbiomas.org\/\">https:\/\/plataforma.chaco.mapbiomas.org\/<\/a><\/strong><\/li>\n\n\n\n<li>Access the data asset in Google Earth Engine: <a href=\"https:\/\/code.earthengine.google.com\/?asset=projects\/mapbiomas-public\/assets\/chaco\/lulc\/collection5\/mapbiomas_chaco_collection5_integration_v2\">https:\/\/code.earthengine.google.com\/?asset=projects\/mapbiomas-public\/assets\/chaco\/lulc\/collection5\/mapbiomas_chaco_collection5_integration_v2<\/a><\/li>\n\n\n\n<li>Acceda al Toolkit: <a href=\"https:\/\/code.earthengine.google.com\/?accept_repo=users%2Fmapbiomas%2Fuser-toolkit&amp;scriptPath=users%2Fmapbiomas%2Fuser-toolkit%3Amapbiomas-user-toolkit-lulc.js\"><strong>https:\/\/code.earthengine.google.com\/?accept_repo=users&#8230;js<\/strong><\/a><\/li>\n<\/ol>","protected":false},"excerpt":{"rendered":"<p>COLECCIONES MAPBIOMAS A partir de los mosaicos Landsat se realizan las clasificaciones que dan como resultado los mapas de cobertura y uso del suelo para cada a\u00f1o. Dentro de la l\u00f3gica propuesta por MapBiomas los mapas se actualizar\u00e1n cada vez que haya una mejora en los algoritmos de clasificaci\u00f3n. La metodolog\u00eda de clasificaci\u00f3n es din\u00e1mica [&hellip;]<\/p>","protected":false},"author":2,"featured_media":0,"parent":0,"menu_order":0,"comment_status":"closed","ping_status":"closed","template":"","meta":{"_uag_custom_page_level_css":""},"acf":[],"uagb_featured_image_src":{"full":false,"thumbnail":false,"medium":false,"medium_large":false,"large":false,"1536x1536":false,"2048x2048":false,"trp-custom-language-flag":false,"infographic":false,"team":false},"uagb_author_info":{"display_name":"Adriel Fernandes","author_link":"https:\/\/chaco.mapbiomas.org\/en\/author\/adriel-fernandes\/"},"uagb_comment_info":0,"uagb_excerpt":"COLECCIONES MAPBIOMAS A partir de los mosaicos Landsat se realizan las clasificaciones que dan como resultado los mapas de cobertura y uso del suelo para cada a\u00f1o. Dentro de la l\u00f3gica propuesta por MapBiomas los mapas se actualizar\u00e1n cada vez que haya una mejora en los algoritmos de clasificaci\u00f3n. La metodolog\u00eda de clasificaci\u00f3n es din\u00e1mica&hellip;","_links":{"self":[{"href":"https:\/\/chaco.mapbiomas.org\/en\/wp-json\/wp\/v2\/pages\/74"}],"collection":[{"href":"https:\/\/chaco.mapbiomas.org\/en\/wp-json\/wp\/v2\/pages"}],"about":[{"href":"https:\/\/chaco.mapbiomas.org\/en\/wp-json\/wp\/v2\/types\/page"}],"author":[{"embeddable":true,"href":"https:\/\/chaco.mapbiomas.org\/en\/wp-json\/wp\/v2\/users\/2"}],"replies":[{"embeddable":true,"href":"https:\/\/chaco.mapbiomas.org\/en\/wp-json\/wp\/v2\/comments?post=74"}],"version-history":[{"count":42,"href":"https:\/\/chaco.mapbiomas.org\/en\/wp-json\/wp\/v2\/pages\/74\/revisions"}],"predecessor-version":[{"id":997,"href":"https:\/\/chaco.mapbiomas.org\/en\/wp-json\/wp\/v2\/pages\/74\/revisions\/997"}],"wp:attachment":[{"href":"https:\/\/chaco.mapbiomas.org\/en\/wp-json\/wp\/v2\/media?parent=74"}],"curies":[{"name":"wp","href":"https:\/\/api.w.org\/{rel}","templated":true}]}}